{"id":4864,"date":"2025-07-04T12:10:50","date_gmt":"2025-07-04T10:10:50","guid":{"rendered":"https:\/\/rutadelvinovaldeorras.com\/politica-de-cookies\/"},"modified":"2025-12-23T12:01:12","modified_gmt":"2025-12-23T11:01:12","slug":"politica-de-cookies","status":"publish","type":"page","link":"https:\/\/rutadelvinovaldeorras.com\/gl\/politica-de-cookies\/","title":{"rendered":"Pol\u00edtica de cookies"},"content":{"rendered":"\t\t<div data-elementor-type=\"wp-page\" data-elementor-id=\"4864\" class=\"elementor elementor-4864 elementor-924\" data-elementor-settings=\"{&quot;ha_cmc_init_switcher&quot;:&quot;no&quot;}\" data-elementor-post-type=\"page\">\n\t\t\t\t<div class=\"elementor-element elementor-element-6a77ace e-con-full e-flex e-con e-parent\" data-id=\"6a77ace\" data-element_type=\"container\" data-e-type=\"container\" data-settings=\"{&quot;background_background&quot;:&quot;classic&quot;,&quot;_ha_eqh_enable&quot;:false}\">\n\t\t<div class=\"elementor-element elementor-element-614015c e-flex e-con-boxed e-con e-child\" data-id=\"614015c\" data-element_type=\"container\" data-e-type=\"container\" data-settings=\"{&quot;_ha_eqh_enable&quot;:false}\">\n\t\t\t\t\t<div class=\"e-con-inner\">\n\t\t\t\t<div class=\"elementor-element elementor-element-9de0e52 elementor-invisible elementor-widget elementor-widget-heading\" data-id=\"9de0e52\" data-element_type=\"widget\" data-e-type=\"widget\" data-settings=\"{&quot;_animation&quot;:&quot;fadeInDown&quot;}\" data-widget_type=\"heading.default\">\n\t\t\t\t\t<h1 class=\"elementor-heading-title elementor-size-default\">Cookies<\/h1>\t\t\t\t<\/div>\n\t\t\t\t\t<\/div>\n\t\t\t\t<\/div>\n\t\t\t\t<\/div>\n\t\t<div class=\"elementor-element elementor-element-3108052 e-con-full e-flex e-con e-parent\" data-id=\"3108052\" data-element_type=\"container\" data-e-type=\"container\" data-settings=\"{&quot;background_background&quot;:&quot;classic&quot;,&quot;_ha_eqh_enable&quot;:false}\">\n\t\t<div class=\"elementor-element elementor-element-4dbc906 e-flex e-con-boxed e-con e-child\" data-id=\"4dbc906\" data-element_type=\"container\" data-e-type=\"container\" data-settings=\"{&quot;_ha_eqh_enable&quot;:false}\">\n\t\t\t\t\t<div class=\"e-con-inner\">\n\t\t\t\t<div class=\"elementor-element elementor-element-5878e0c animated-fast elementor-invisible elementor-widget elementor-widget-heading\" data-id=\"5878e0c\" data-element_type=\"widget\" data-e-type=\"widget\" data-settings=\"{&quot;_animation&quot;:&quot;fadeInUp&quot;}\" data-widget_type=\"heading.default\">\n\t\t\t\t\t<h2 class=\"elementor-heading-title elementor-size-default\">Pol\u00edtica de cookies Ruta do Vi\u00f1o Valdeorras <\/h2>\t\t\t\t<\/div>\n\t\t\t\t<div class=\"elementor-element elementor-element-8655eb8 animated-fast elementor-invisible elementor-widget elementor-widget-heading\" data-id=\"8655eb8\" data-element_type=\"widget\" data-e-type=\"widget\" data-settings=\"{&quot;_animation&quot;:&quot;fadeInUp&quot;,&quot;_animation_delay&quot;:200}\" data-widget_type=\"heading.default\">\n\t\t\t\t\t<h2 class=\"elementor-heading-title elementor-size-default\">Navegaci\u00f3n personalizada e segura\n<\/h2>\t\t\t\t<\/div>\n\t\t\t\t<div class=\"elementor-element elementor-element-1bf2cf2 animated-fast custom-text elementor-invisible elementor-widget elementor-widget-text-editor\" data-id=\"1bf2cf2\" data-element_type=\"widget\" data-e-type=\"widget\" data-settings=\"{&quot;_animation&quot;:&quot;fadeInDown&quot;}\" data-widget_type=\"text-editor.default\">\n\t\t\t\t\t\t\t\t\t<div>En base ao previsto no Considerando 30 do Regulamento (UE) 2016\/679 do Parlamento Europeo e do Consello, do 27 de abril de 2016, relativo \u00e1 protecci\u00f3n das persoas f\u00edsicas no que respecta ao tratamento de datos persoais e \u00e1 libre circulaci\u00f3n destes datos (RXPD), inform\u00e1moslle de que este sitio web utiliza cookies coas finalidades que se detallan na presente Pol\u00edtica de Cookies.<\/div><h2>QUE SON AS COOKIES?<\/h2><div><p>As cookies son arquivos de texto que conte\u00f1en pequenas cantidades de informaci\u00f3n que se descargan no seu ordenador ou dispositivo m\u00f3bil cando o usuario visita un sitio web. As cookies env\u00edanse de volta ao sitio web orixinal en cada visita posterior, ou a outro sitio web que as reco\u00f1ece. Poden realizar funci\u00f3ns como permitir a navegaci\u00f3n eficiente entre p\u00e1xinas, lembrar preferencias e mellorar a experiencia do usuario.  <\/p><h2>C\u00d3MO SE CLASIFICAN AS COOKIES?<\/h2><p><strong>Seg\u00fan o emisor das cookies:<\/strong><\/p><ul><li><strong>Cookies propias<\/strong>: env\u00edanse ao dispositivo do usuario desde un dominio xestionado polo titular do sitio web.<\/li><li><strong>Cookies de terceiros<\/strong>: env\u00edanse desde un dominio non xestionado polo titular, sen\u00f3n por outra entidade que trata os datos obtidos a trav\u00e9s das cookies.<\/li><\/ul><p><strong>Segundo o ciclo de vida:<\/strong><\/p><ul><li><strong>Cookies de sesi\u00f3n<\/strong>: temporais, desaparecen ao pechar o navegador. \u00dasanse para analizar patr\u00f3ns de tr\u00e1fico e facilitar a navegaci\u00f3n. <\/li><li><strong>Cookies permanentes<\/strong>: almacenadas no disco duro, te\u00f1en unha data de caducidade. \u00dasanse para facilitar servizos como o inicio de sesi\u00f3n ou as compras. <\/li><\/ul><p><strong>Segundo a s\u00faa finalidade:<\/strong><\/p><ul><li><strong>Cookies t\u00e9cnicas:<\/strong> permiten a navegaci\u00f3n e o uso das funcionalidades b\u00e1sicas do sitio.<\/li><li><strong>Cookies de personalizaci\u00f3n ou preferencias:<\/strong> permiten acceder ao servizo con caracter\u00edsticas predefinidas como o idioma ou a configuraci\u00f3n rexional.<\/li><li><strong>Cookies de an\u00e1lise:<\/strong> permiten medir e analizar o comportamento dos usuarios no sitio web.<\/li><li><strong>Cookies publicitarias:<\/strong> xestionan os espazos publicitarios do sitio web segundo a frecuencia e o contido mostrado.<\/li><li><strong>Cookies de publicidade comportamental: <\/strong>almacenan h\u00e1bitos de navegaci\u00f3n do usuario para amosarlle publicidade personalizada.<\/li><\/ul><p>Utilizamos <strong>cookies t\u00e9cnicas<\/strong> que permiten ao usuario a navegaci\u00f3n polo sitio web e o uso das s\u00faas funcionalidades, inclu\u00edndo aquelas necesarias para a operativa da p\u00e1xina, como controlar o tr\u00e1fico, identificar a sesi\u00f3n ou acceder a zonas restrinxidas.<\/p><p>As\u00ed mesmo, utilizamos<strong> cookies anal\u00edticas ou estat\u00edsticas<\/strong> para cuantificar o n\u00famero de usuarios e realizar medici\u00f3ns e an\u00e1lises estat\u00edsticas do uso que fan do sitio web, co obxectivo de mellorar os nosos servizos. No caso das cookies de Google Analytics, a informaci\u00f3n almac\u00e9nase en servidores situados nos Estados Unidos. Google comprom\u00e9tese a non compartir estes datos, salvo obriga legal ou para o funcionamento do sistema.  <\/p><p>Pode consultar m\u00e1is informaci\u00f3n sobre a transferencia internacional de datos en:<br><a href=\"https:\/\/business.safety.google\/adsdatatransfers\/?sjid=13561737921736504952-EU\" target=\"_blank\" rel=\"noopener\">Pol\u00edtica sobre transferencia internacional de datos de Google<\/a> e a s\u00faa pol\u00edtica de privacidade en: <a href=\"https:\/\/policies.google.com\/privacy\" target=\"_blank\" rel=\"noopener\">Pol\u00edtica de Privacidad de Google<\/a>.<\/p><\/div>\t\t\t\t\t\t\t\t<\/div>\n\t\t\t\t<div class=\"elementor-element elementor-element-247a177 elementor-hidden-desktop elementor-hidden-tablet elementor-hidden-mobile elementor-widget elementor-widget-html\" data-id=\"247a177\" data-element_type=\"widget\" data-e-type=\"widget\" data-widget_type=\"html.default\">\n\t\t\t\t\t<style>.custom-text {\n    padding: 30px;\n    color: color: var(--e-global-color-text);\n    background-color: white;\n    border-style: solid;\n    border-width: 1px;\n    border-color: var(--e-global-color-cd92cf8);\n    background-color: var(--e-global-color-bb5a631);\n    background-color: white;\n    border-radius: 20px;\n    font-weight: 400!important;\n}\n.custom-text strong,\n.custom-text a{\n    color: var( --e-global-color-primary );\n    font-weight: 600!important;\n}\n.custom-text a:hover{\n    color: var( --e-global-color-primary );\n    text-decoration: underline;\n    font-weight: 600!important;\n}\n\/*\n.custom-text ol {\n      margin-bottom:20px;\n      font-weight:500;\n}\n.custom-text ol li {\n      color: var( --e-global-color-primary );\n}\n*\/\n.custom-text h2,\n.custom-text h3,\n.custom-text h4{\n  color: var( --e-global-color-primary );\n  color: var( --e-global-color-text );\n  font-weight: 500!important;\n  font-size: 24px;\n  line-height: 1.3em;\n  \/*text-transform: uppercase;*\/\n  margin-top: 30px;\n  font-family: var(--e-global-typography-primary-font-family), Sans-serif!important;\n}\n.custom-text h3,\n.custom-text h4{\n  \/*color: var( --e-global-color-text );*\/\n  font-size: 22px;\n}\n.custom-text h2:not(:first-of-type),\n.custom-text h3:not(:first-of-type),\n.custom-text h4:not(:first-of-type) {\n  margin-top: 30px;\n}\n.custom-text h2:first-child {\n  margin-top: 0px;\n}\n.custom-text ol,\n.custom-text ul {\n  display: block;\n  padding-top: 20px;\n  padding-bottom: 10px;\n  padding-right: 20px;\n  flex-direction: row;\n  align-items: center;\n  justify-content: start;\n  \/*background: #F1F2F8;*\/\n      background-color: var(--e-global-color-6112507);\n     \/* background-color: var(--e-global-color-accent);*\/\n\/*background: linear-gradient(90deg, rgba(255,255,255,1) 0%, rgba(222,236,253,1) 100%);*\/\n  margin-top: 20px;\n  margin-bottom: 20px;\n  border-radius: 0px; \n  background-color: white;\n      background-color: var(--e-global-color-bb5a631);\n    border:1px solid var(--e-global-color-cd92cf8);\n}\n.custom-text ul li::marker,\n.custom-text ol li::marker {\n    color: var( --e-global-color-primary );\n}\n.custom-text ol li,\n.custom-text ul li {\n  font-size: 16px!important;\n  margin: 0;\n  list-style:none;\n  list-style-type: square;\n  padding: 0 .2em; \/* indentation + .5em *\/\n  line-height: 1.2em; \/* default list item's `line-height` *\/\n  margin-bottom: 1em;\n  position: relative;\n  \/*color: var( --e-global-color-primary );*\/\n}\n.custom-text ol li:before,\n.custom-text ul li:before {\n    content:\"\";\n    top:0;\n    left:-20px;\n    position: absolute;\n    display: flex;\n    height: 100%;\n    \/*border-left:3px solid var( --e-global-color-primary );*\/\n}\n\n.custom-text ul li ul {\n  display: block;\n  padding-top: 20px;\n  padding-bottom: 10px;\n  padding-right: 20px;\n  flex-direction: row;\n  align-items: center;\n  justify-content: start;\n  background: rgb(255,255,255);\n\/*background: linear-gradient(90deg, rgba(255,255,255,1) 0%, rgba(222,236,253,1) 100%);*\/\n  margin-top: 20px;\n  margin-bottom: 20px;\n  margin-right: 20px;\n  border-radius: 0!important;\n}\n.custom-text ul li ul li {\n  margin: 0;\n  list-style:none;\n  padding: 0 .2em;\n  line-height: 1.2em;\n  margin-bottom: 1em;\n  position: relative;\n}\n.custom-text ul li ul li:before {\n    content:\"\";\n    top:0;\n    left:-20px;\n    position: absolute;\n    display: flex;\n    height: 100%;\n    border-left:3px solid var( --e-global-color-primary );\n}\n\n<\/style>\t\t\t\t<\/div>\n\t\t\t\t<div class=\"elementor-element elementor-element-80d5817 elementor-hidden-desktop elementor-hidden-tablet elementor-hidden-mobile elementor-widget elementor-widget-html\" data-id=\"80d5817\" data-element_type=\"widget\" data-e-type=\"widget\" data-widget_type=\"html.default\">\n\t\t\t\t\t<style>.custom-table{\n    margin-top: 50px;\n    margin-bottom: 50px;\n}\n.custom-table table {\n  width: 100%;\n  border-collapse: collapse;\n  background-color: var(--e-global-color-6112507);\n  box-shadow: 0 4px 8px rgba(0, 0, 0, 0.1);\n  border-radius: 12px;\n  overflow: hidden;\n}\n\n.custom-table thead {\n  background-color: var(--e-global-color-primary);\n  color: #fff;\n  font-size: 13px;\n  font-weight: 400!important;\n  text-transform: uppercase;\n  letter-spacing: 0.05em;\n}\n\n.custom-table th, .custom-table td {\n  padding: 16px 20px;\n  border: 1px solid var(--e-global-color-secondary);\n  text-align: left;\n  transition: background 0.3s ease;\n}\n\n.custom-table tbody tr:nth-child(even) {\n  background-color: #ffffff;\n}\n\n.custom-table tbody tr:nth-child(odd) {\n  background-color: var(--e-global-color-6112507);\n}\n\n.custom-table tbody tr:hover {\n  background-color: var(--e-global-color-accent)!important;\n  color: #000;\n}\n\n.custom-table a {\n  color: var(--e-global-color-accent);\n  font-weight: bold;\n  text-decoration: none;\n}\n\n.custom-table a:hover {\n  text-decoration: underline;\n}\n\n\n<\/style>\t\t\t\t<\/div>\n\t\t\t\t<div class=\"elementor-element elementor-element-aacb67e elementor-hidden-desktop elementor-hidden-tablet elementor-hidden-mobile elementor-widget elementor-widget-html\" data-id=\"aacb67e\" data-element_type=\"widget\" data-e-type=\"widget\" data-widget_type=\"html.default\">\n\t\t\t\t\t<style>.custom-footer-top{\n    background-color: white!important;\n}\n<\/style>\t\t\t\t<\/div>\n\t\t\t\t\t<\/div>\n\t\t\t\t<\/div>\n\t\t\t\t<\/div>\n\t\t\t\t<\/div>\n\t\t","protected":false},"excerpt":{"rendered":"<p>Cookies Pol\u00edtica de cookies Ruta do Vi\u00f1o Valdeorras Navegaci\u00f3n personalizada e segura En base ao previsto no Considerando 30 do Regulamento (UE) 2016\/679 do Parlamento Europeo e do Consello, do 27 de abril de 2016, relativo \u00e1 protecci\u00f3n das persoas f\u00edsicas no que respecta ao tratamento de datos persoais e \u00e1 libre circulaci\u00f3n destes datos [&hellip;]<\/p>\n","protected":false},"author":1,"featured_media":0,"parent":0,"menu_order":0,"comment_status":"closed","ping_status":"closed","template":"","meta":{"footnotes":""},"class_list":["post-4864","page","type-page","status-publish","hentry"],"yoast_head":"<!-- This site is optimized with the Yoast SEO plugin v27.6 - https:\/\/yoast.com\/product\/yoast-seo-wordpress\/ -->\n<title>Pol\u00edtica de cookies - Ruta del Vino Valdeorras<\/title>\n<meta name=\"robots\" content=\"index, follow, max-snippet:-1, max-image-preview:large, max-video-preview:-1\" \/>\n<link rel=\"canonical\" href=\"https:\/\/rutadelvinovaldeorras.com\/gl\/politica-de-cookies\/\" \/>\n<meta property=\"og:locale\" content=\"gl_ES\" \/>\n<meta property=\"og:type\" content=\"article\" \/>\n<meta property=\"og:title\" content=\"Pol\u00edtica de cookies - Ruta del Vino Valdeorras\" \/>\n<meta property=\"og:description\" content=\"Cookies Pol\u00edtica de cookies Ruta do Vi\u00f1o Valdeorras Navegaci\u00f3n personalizada e segura En base ao previsto no Considerando 30 do Regulamento (UE) 2016\/679 do Parlamento Europeo e do Consello, do 27 de abril de 2016, relativo \u00e1 protecci\u00f3n das persoas f\u00edsicas no que respecta ao tratamento de datos persoais e \u00e1 libre circulaci\u00f3n destes datos [&hellip;]\" \/>\n<meta property=\"og:url\" content=\"https:\/\/rutadelvinovaldeorras.com\/gl\/politica-de-cookies\/\" \/>\n<meta property=\"og:site_name\" content=\"Ruta del Vino Valdeorras\" \/>\n<meta property=\"article:publisher\" content=\"https:\/\/www.facebook.com\/RutadelVinoValdeorras\/\" \/>\n<meta property=\"article:modified_time\" content=\"2025-12-23T11:01:12+00:00\" \/>\n<meta name=\"twitter:card\" content=\"summary_large_image\" \/>\n<meta name=\"twitter:label1\" content=\"Tempo de lectura\" \/>\n\t<meta name=\"twitter:data1\" content=\"3 minutos\" \/>\n<script type=\"application\/ld+json\" class=\"yoast-schema-graph\">{\"@context\":\"https:\\\/\\\/schema.org\",\"@graph\":[{\"@type\":\"WebPage\",\"@id\":\"https:\\\/\\\/rutadelvinovaldeorras.com\\\/gl\\\/politica-de-cookies\\\/\",\"url\":\"https:\\\/\\\/rutadelvinovaldeorras.com\\\/gl\\\/politica-de-cookies\\\/\",\"name\":\"Pol\u00edtica de cookies - Ruta del Vino Valdeorras\",\"isPartOf\":{\"@id\":\"https:\\\/\\\/rutadelvinovaldeorras.com\\\/#website\"},\"datePublished\":\"2025-07-04T10:10:50+00:00\",\"dateModified\":\"2025-12-23T11:01:12+00:00\",\"breadcrumb\":{\"@id\":\"https:\\\/\\\/rutadelvinovaldeorras.com\\\/gl\\\/politica-de-cookies\\\/#breadcrumb\"},\"inLanguage\":\"gl-ES\",\"potentialAction\":[{\"@type\":\"ReadAction\",\"target\":[\"https:\\\/\\\/rutadelvinovaldeorras.com\\\/gl\\\/politica-de-cookies\\\/\"]}]},{\"@type\":\"BreadcrumbList\",\"@id\":\"https:\\\/\\\/rutadelvinovaldeorras.com\\\/gl\\\/politica-de-cookies\\\/#breadcrumb\",\"itemListElement\":[{\"@type\":\"ListItem\",\"position\":1,\"name\":\"Portada\",\"item\":\"https:\\\/\\\/rutadelvinovaldeorras.com\\\/gl\\\/\"},{\"@type\":\"ListItem\",\"position\":2,\"name\":\"Pol\u00edtica de cookies\"}]},{\"@type\":\"WebSite\",\"@id\":\"https:\\\/\\\/rutadelvinovaldeorras.com\\\/#website\",\"url\":\"https:\\\/\\\/rutadelvinovaldeorras.com\\\/\",\"name\":\"Ruta del Vino Valdeorras\",\"description\":\"La Ruta del Vino de Valdeorras es un recorrido que nos transporta a trav\u00e9s de la historia y la cultura vin\u00edcola de una de las comarcas m\u00e1s singulares de Galicia.\",\"publisher\":{\"@id\":\"https:\\\/\\\/rutadelvinovaldeorras.com\\\/#organization\"},\"potentialAction\":[{\"@type\":\"SearchAction\",\"target\":{\"@type\":\"EntryPoint\",\"urlTemplate\":\"https:\\\/\\\/rutadelvinovaldeorras.com\\\/?s={search_term_string}\"},\"query-input\":{\"@type\":\"PropertyValueSpecification\",\"valueRequired\":true,\"valueName\":\"search_term_string\"}}],\"inLanguage\":\"gl-ES\"},{\"@type\":\"Organization\",\"@id\":\"https:\\\/\\\/rutadelvinovaldeorras.com\\\/#organization\",\"name\":\"Ruta del Vino Valdeorras\",\"url\":\"https:\\\/\\\/rutadelvinovaldeorras.com\\\/\",\"logo\":{\"@type\":\"ImageObject\",\"inLanguage\":\"gl-ES\",\"@id\":\"https:\\\/\\\/rutadelvinovaldeorras.com\\\/#\\\/schema\\\/logo\\\/image\\\/\",\"url\":\"https:\\\/\\\/rutadelvinovaldeorras.com\\\/wp-content\\\/uploads\\\/2025\\\/06\\\/valdeoras-color.svg\",\"contentUrl\":\"https:\\\/\\\/rutadelvinovaldeorras.com\\\/wp-content\\\/uploads\\\/2025\\\/06\\\/valdeoras-color.svg\",\"width\":884,\"height\":131,\"caption\":\"Ruta del Vino Valdeorras\"},\"image\":{\"@id\":\"https:\\\/\\\/rutadelvinovaldeorras.com\\\/#\\\/schema\\\/logo\\\/image\\\/\"},\"sameAs\":[\"https:\\\/\\\/www.facebook.com\\\/RutadelVinoValdeorras\\\/\",\"https:\\\/\\\/www.instagram.com\\\/ruta_vino_valdeorras\\\/\"]}]}<\/script>\n<!-- \/ Yoast SEO plugin. -->","yoast_head_json":{"title":"Pol\u00edtica de cookies - Ruta del Vino Valdeorras","robots":{"index":"index","follow":"follow","max-snippet":"max-snippet:-1","max-image-preview":"max-image-preview:large","max-video-preview":"max-video-preview:-1"},"canonical":"https:\/\/rutadelvinovaldeorras.com\/gl\/politica-de-cookies\/","og_locale":"gl_ES","og_type":"article","og_title":"Pol\u00edtica de cookies - Ruta del Vino Valdeorras","og_description":"Cookies Pol\u00edtica de cookies Ruta do Vi\u00f1o Valdeorras Navegaci\u00f3n personalizada e segura En base ao previsto no Considerando 30 do Regulamento (UE) 2016\/679 do Parlamento Europeo e do Consello, do 27 de abril de 2016, relativo \u00e1 protecci\u00f3n das persoas f\u00edsicas no que respecta ao tratamento de datos persoais e \u00e1 libre circulaci\u00f3n destes datos [&hellip;]","og_url":"https:\/\/rutadelvinovaldeorras.com\/gl\/politica-de-cookies\/","og_site_name":"Ruta del Vino Valdeorras","article_publisher":"https:\/\/www.facebook.com\/RutadelVinoValdeorras\/","article_modified_time":"2025-12-23T11:01:12+00:00","twitter_card":"summary_large_image","twitter_misc":{"Tempo de lectura":"3 minutos"},"schema":{"@context":"https:\/\/schema.org","@graph":[{"@type":"WebPage","@id":"https:\/\/rutadelvinovaldeorras.com\/gl\/politica-de-cookies\/","url":"https:\/\/rutadelvinovaldeorras.com\/gl\/politica-de-cookies\/","name":"Pol\u00edtica de cookies - Ruta del Vino Valdeorras","isPartOf":{"@id":"https:\/\/rutadelvinovaldeorras.com\/#website"},"datePublished":"2025-07-04T10:10:50+00:00","dateModified":"2025-12-23T11:01:12+00:00","breadcrumb":{"@id":"https:\/\/rutadelvinovaldeorras.com\/gl\/politica-de-cookies\/#breadcrumb"},"inLanguage":"gl-ES","potentialAction":[{"@type":"ReadAction","target":["https:\/\/rutadelvinovaldeorras.com\/gl\/politica-de-cookies\/"]}]},{"@type":"BreadcrumbList","@id":"https:\/\/rutadelvinovaldeorras.com\/gl\/politica-de-cookies\/#breadcrumb","itemListElement":[{"@type":"ListItem","position":1,"name":"Portada","item":"https:\/\/rutadelvinovaldeorras.com\/gl\/"},{"@type":"ListItem","position":2,"name":"Pol\u00edtica de cookies"}]},{"@type":"WebSite","@id":"https:\/\/rutadelvinovaldeorras.com\/#website","url":"https:\/\/rutadelvinovaldeorras.com\/","name":"Ruta del Vino Valdeorras","description":"La Ruta del Vino de Valdeorras es un recorrido que nos transporta a trav\u00e9s de la historia y la cultura vin\u00edcola de una de las comarcas m\u00e1s singulares de Galicia.","publisher":{"@id":"https:\/\/rutadelvinovaldeorras.com\/#organization"},"potentialAction":[{"@type":"SearchAction","target":{"@type":"EntryPoint","urlTemplate":"https:\/\/rutadelvinovaldeorras.com\/?s={search_term_string}"},"query-input":{"@type":"PropertyValueSpecification","valueRequired":true,"valueName":"search_term_string"}}],"inLanguage":"gl-ES"},{"@type":"Organization","@id":"https:\/\/rutadelvinovaldeorras.com\/#organization","name":"Ruta del Vino Valdeorras","url":"https:\/\/rutadelvinovaldeorras.com\/","logo":{"@type":"ImageObject","inLanguage":"gl-ES","@id":"https:\/\/rutadelvinovaldeorras.com\/#\/schema\/logo\/image\/","url":"https:\/\/rutadelvinovaldeorras.com\/wp-content\/uploads\/2025\/06\/valdeoras-color.svg","contentUrl":"https:\/\/rutadelvinovaldeorras.com\/wp-content\/uploads\/2025\/06\/valdeoras-color.svg","width":884,"height":131,"caption":"Ruta del Vino Valdeorras"},"image":{"@id":"https:\/\/rutadelvinovaldeorras.com\/#\/schema\/logo\/image\/"},"sameAs":["https:\/\/www.facebook.com\/RutadelVinoValdeorras\/","https:\/\/www.instagram.com\/ruta_vino_valdeorras\/"]}]}},"_links":{"self":[{"href":"https:\/\/rutadelvinovaldeorras.com\/gl\/wp-json\/wp\/v2\/pages\/4864","targetHints":{"allow":["GET"]}}],"collection":[{"href":"https:\/\/rutadelvinovaldeorras.com\/gl\/wp-json\/wp\/v2\/pages"}],"about":[{"href":"https:\/\/rutadelvinovaldeorras.com\/gl\/wp-json\/wp\/v2\/types\/page"}],"author":[{"embeddable":true,"href":"https:\/\/rutadelvinovaldeorras.com\/gl\/wp-json\/wp\/v2\/users\/1"}],"replies":[{"embeddable":true,"href":"https:\/\/rutadelvinovaldeorras.com\/gl\/wp-json\/wp\/v2\/comments?post=4864"}],"version-history":[{"count":1,"href":"https:\/\/rutadelvinovaldeorras.com\/gl\/wp-json\/wp\/v2\/pages\/4864\/revisions"}],"predecessor-version":[{"id":4865,"href":"https:\/\/rutadelvinovaldeorras.com\/gl\/wp-json\/wp\/v2\/pages\/4864\/revisions\/4865"}],"wp:attachment":[{"href":"https:\/\/rutadelvinovaldeorras.com\/gl\/wp-json\/wp\/v2\/media?parent=4864"}],"curies":[{"name":"wp","href":"https:\/\/api.w.org\/{rel}","templated":true}]}}