{"id":4717,"date":"2025-09-01T12:33:03","date_gmt":"2025-09-01T10:33:03","guid":{"rendered":"https:\/\/rutadelvinovaldeorras.com\/axenda\/"},"modified":"2025-12-30T13:40:58","modified_gmt":"2025-12-30T12:40:58","slug":"axenda","status":"publish","type":"page","link":"https:\/\/rutadelvinovaldeorras.com\/gl\/axenda\/","title":{"rendered":"Axenda"},"content":{"rendered":"\t\t<div data-elementor-type=\"wp-page\" data-elementor-id=\"4717\" class=\"elementor elementor-4717 elementor-2204\" data-elementor-settings=\"{&quot;ha_cmc_init_switcher&quot;:&quot;no&quot;}\" data-elementor-post-type=\"page\">\n\t\t\t\t<div class=\"elementor-element elementor-element-6a77ace e-con-full e-flex e-con e-parent\" data-id=\"6a77ace\" data-element_type=\"container\" data-e-type=\"container\" data-settings=\"{&quot;background_background&quot;:&quot;classic&quot;,&quot;_ha_eqh_enable&quot;:false}\">\n\t\t<div class=\"elementor-element elementor-element-614015c e-flex e-con-boxed e-con e-child\" data-id=\"614015c\" data-element_type=\"container\" data-e-type=\"container\" data-settings=\"{&quot;_ha_eqh_enable&quot;:false}\">\n\t\t\t\t\t<div class=\"e-con-inner\">\n\t\t\t\t<div class=\"elementor-element elementor-element-9de0e52 elementor-invisible elementor-widget elementor-widget-heading\" data-id=\"9de0e52\" data-element_type=\"widget\" data-e-type=\"widget\" data-settings=\"{&quot;_animation&quot;:&quot;fadeInDown&quot;}\" data-widget_type=\"heading.default\">\n\t\t\t\t\t<h1 class=\"elementor-heading-title elementor-size-default\">Axenda<\/h1>\t\t\t\t<\/div>\n\t\t\t\t\t<\/div>\n\t\t\t\t<\/div>\n\t\t\t\t<\/div>\n\t\t<div class=\"elementor-element elementor-element-a658db7 e-flex e-con-boxed e-con e-parent\" data-id=\"a658db7\" data-element_type=\"container\" data-e-type=\"container\" data-settings=\"{&quot;background_background&quot;:&quot;classic&quot;,&quot;_ha_eqh_enable&quot;:false}\">\n\t\t\t\t\t<div class=\"e-con-inner\">\n\t\t<div class=\"elementor-element elementor-element-126923a0 e-flex e-con-boxed e-con e-child\" data-id=\"126923a0\" data-element_type=\"container\" data-e-type=\"container\" data-settings=\"{&quot;_ha_eqh_enable&quot;:false}\">\n\t\t\t\t\t<div class=\"e-con-inner\">\n\t\t\t\t<div class=\"elementor-element elementor-element-70207c8 animated-fast elementor-invisible elementor-widget elementor-widget-heading\" data-id=\"70207c8\" data-element_type=\"widget\" data-e-type=\"widget\" data-settings=\"{&quot;_animation&quot;:&quot;fadeInUp&quot;}\" data-widget_type=\"heading.default\">\n\t\t\t\t\t<h2 class=\"elementor-heading-title elementor-size-default\">Actividades da Ruta do Vi\u00f1o de Valdeorras<\/h2>\t\t\t\t<\/div>\n\t\t\t\t<div class=\"elementor-element elementor-element-cfdb43d animated-fast elementor-invisible elementor-widget elementor-widget-text-editor\" data-id=\"cfdb43d\" data-element_type=\"widget\" data-e-type=\"widget\" data-settings=\"{&quot;_animation&quot;:&quot;fadeInDown&quot;}\" data-widget_type=\"text-editor.default\">\n\t\t\t\t\t\t\t\t\t<p>A Ruta do Vi\u00f1o de Valdeorras organiza ao longo do ano propostas exclusivas que combinan vi\u00f1o, gastronom\u00eda, natureza e tradici\u00f3n. Desde rutas por vi\u00f1edos ata catas especiais e encontros culturais, cada actividade \u00e9 unha oportunidade para descubrir a esencia da nosa terra. Consulta a axenda e atopa a experiencia perfecta para a t\u00faa pr\u00f3xima visita.<\/p>\t\t\t\t\t\t\t\t<\/div>\n\t\t\t\t\t<\/div>\n\t\t\t\t<\/div>\n\t\t\t\t\t<\/div>\n\t\t\t\t<\/div>\n\t\t\t\t<\/div>\n\t\t","protected":false},"excerpt":{"rendered":"<p>Actividades da Ruta do Vi\u00f1o de Valdeorras A Ruta do Vi\u00f1o de Valdeorras organiza ao longo do ano propostas exclusivas que combinan vi\u00f1o, gastronom\u00eda, natureza e tradici\u00f3n. Desde rutas por vi\u00f1edos ata catas especiais e encontros culturais, cada actividade \u00e9 unha oportunidade para descubrir a esencia da nosa terra. Consulta a axenda e atopa a [&hellip;]<\/p>\n","protected":false},"author":1,"featured_media":0,"parent":0,"menu_order":0,"comment_status":"closed","ping_status":"closed","template":"","meta":{"footnotes":""},"class_list":["post-4717","page","type-page","status-publish","hentry"],"yoast_head":"<!-- This site is optimized with the Yoast SEO plugin v27.6 - https:\/\/yoast.com\/product\/yoast-seo-wordpress\/ -->\n<title>Axenda - Ruta del Vino Valdeorras<\/title>\n<meta name=\"description\" content=\"Consulta la agenda de la Ruta del Vino de Valdeorras con eventos, actividades y citas de enoturismo para disfrutar del vino y el territorio.\" \/>\n<meta name=\"robots\" content=\"index, follow, max-snippet:-1, max-image-preview:large, max-video-preview:-1\" \/>\n<link rel=\"canonical\" href=\"https:\/\/rutadelvinovaldeorras.com\/gl\/axenda\/\" \/>\n<meta property=\"og:locale\" content=\"gl_ES\" \/>\n<meta property=\"og:type\" content=\"article\" \/>\n<meta property=\"og:title\" content=\"Axenda - Ruta del Vino Valdeorras\" \/>\n<meta property=\"og:description\" content=\"Consulta la agenda de la Ruta del Vino de Valdeorras con eventos, actividades y citas de enoturismo para disfrutar del vino y el territorio.\" \/>\n<meta property=\"og:url\" content=\"https:\/\/rutadelvinovaldeorras.com\/gl\/axenda\/\" \/>\n<meta property=\"og:site_name\" content=\"Ruta del Vino Valdeorras\" \/>\n<meta property=\"article:publisher\" content=\"https:\/\/www.facebook.com\/RutadelVinoValdeorras\/\" \/>\n<meta property=\"article:modified_time\" content=\"2025-12-30T12:40:58+00:00\" \/>\n<meta name=\"twitter:card\" content=\"summary_large_image\" \/>\n<script type=\"application\/ld+json\" class=\"yoast-schema-graph\">{\"@context\":\"https:\\\/\\\/schema.org\",\"@graph\":[{\"@type\":\"WebPage\",\"@id\":\"https:\\\/\\\/rutadelvinovaldeorras.com\\\/gl\\\/axenda\\\/\",\"url\":\"https:\\\/\\\/rutadelvinovaldeorras.com\\\/gl\\\/axenda\\\/\",\"name\":\"Axenda - Ruta del Vino Valdeorras\",\"isPartOf\":{\"@id\":\"https:\\\/\\\/rutadelvinovaldeorras.com\\\/#website\"},\"datePublished\":\"2025-09-01T10:33:03+00:00\",\"dateModified\":\"2025-12-30T12:40:58+00:00\",\"description\":\"Consulta la agenda de la Ruta del Vino de Valdeorras con eventos, actividades y citas de enoturismo para disfrutar del vino y el territorio.\",\"breadcrumb\":{\"@id\":\"https:\\\/\\\/rutadelvinovaldeorras.com\\\/gl\\\/axenda\\\/#breadcrumb\"},\"inLanguage\":\"gl-ES\",\"potentialAction\":[{\"@type\":\"ReadAction\",\"target\":[\"https:\\\/\\\/rutadelvinovaldeorras.com\\\/gl\\\/axenda\\\/\"]}]},{\"@type\":\"BreadcrumbList\",\"@id\":\"https:\\\/\\\/rutadelvinovaldeorras.com\\\/gl\\\/axenda\\\/#breadcrumb\",\"itemListElement\":[{\"@type\":\"ListItem\",\"position\":1,\"name\":\"Portada\",\"item\":\"https:\\\/\\\/rutadelvinovaldeorras.com\\\/gl\\\/\"},{\"@type\":\"ListItem\",\"position\":2,\"name\":\"Axenda\"}]},{\"@type\":\"WebSite\",\"@id\":\"https:\\\/\\\/rutadelvinovaldeorras.com\\\/#website\",\"url\":\"https:\\\/\\\/rutadelvinovaldeorras.com\\\/\",\"name\":\"Ruta del Vino Valdeorras\",\"description\":\"La Ruta del Vino de Valdeorras es un recorrido que nos transporta a trav\u00e9s de la historia y la cultura vin\u00edcola de una de las comarcas m\u00e1s singulares de Galicia.\",\"publisher\":{\"@id\":\"https:\\\/\\\/rutadelvinovaldeorras.com\\\/#organization\"},\"potentialAction\":[{\"@type\":\"SearchAction\",\"target\":{\"@type\":\"EntryPoint\",\"urlTemplate\":\"https:\\\/\\\/rutadelvinovaldeorras.com\\\/?s={search_term_string}\"},\"query-input\":{\"@type\":\"PropertyValueSpecification\",\"valueRequired\":true,\"valueName\":\"search_term_string\"}}],\"inLanguage\":\"gl-ES\"},{\"@type\":\"Organization\",\"@id\":\"https:\\\/\\\/rutadelvinovaldeorras.com\\\/#organization\",\"name\":\"Ruta del Vino Valdeorras\",\"url\":\"https:\\\/\\\/rutadelvinovaldeorras.com\\\/\",\"logo\":{\"@type\":\"ImageObject\",\"inLanguage\":\"gl-ES\",\"@id\":\"https:\\\/\\\/rutadelvinovaldeorras.com\\\/#\\\/schema\\\/logo\\\/image\\\/\",\"url\":\"https:\\\/\\\/rutadelvinovaldeorras.com\\\/wp-content\\\/uploads\\\/2025\\\/06\\\/valdeoras-color.svg\",\"contentUrl\":\"https:\\\/\\\/rutadelvinovaldeorras.com\\\/wp-content\\\/uploads\\\/2025\\\/06\\\/valdeoras-color.svg\",\"width\":884,\"height\":131,\"caption\":\"Ruta del Vino Valdeorras\"},\"image\":{\"@id\":\"https:\\\/\\\/rutadelvinovaldeorras.com\\\/#\\\/schema\\\/logo\\\/image\\\/\"},\"sameAs\":[\"https:\\\/\\\/www.facebook.com\\\/RutadelVinoValdeorras\\\/\",\"https:\\\/\\\/www.instagram.com\\\/ruta_vino_valdeorras\\\/\"]}]}<\/script>\n<!-- \/ Yoast SEO plugin. -->","yoast_head_json":{"title":"Axenda - Ruta del Vino Valdeorras","description":"Consulta la agenda de la Ruta del Vino de Valdeorras con eventos, actividades y citas de enoturismo para disfrutar del vino y el territorio.","robots":{"index":"index","follow":"follow","max-snippet":"max-snippet:-1","max-image-preview":"max-image-preview:large","max-video-preview":"max-video-preview:-1"},"canonical":"https:\/\/rutadelvinovaldeorras.com\/gl\/axenda\/","og_locale":"gl_ES","og_type":"article","og_title":"Axenda - Ruta del Vino Valdeorras","og_description":"Consulta la agenda de la Ruta del Vino de Valdeorras con eventos, actividades y citas de enoturismo para disfrutar del vino y el territorio.","og_url":"https:\/\/rutadelvinovaldeorras.com\/gl\/axenda\/","og_site_name":"Ruta del Vino Valdeorras","article_publisher":"https:\/\/www.facebook.com\/RutadelVinoValdeorras\/","article_modified_time":"2025-12-30T12:40:58+00:00","twitter_card":"summary_large_image","schema":{"@context":"https:\/\/schema.org","@graph":[{"@type":"WebPage","@id":"https:\/\/rutadelvinovaldeorras.com\/gl\/axenda\/","url":"https:\/\/rutadelvinovaldeorras.com\/gl\/axenda\/","name":"Axenda - Ruta del Vino Valdeorras","isPartOf":{"@id":"https:\/\/rutadelvinovaldeorras.com\/#website"},"datePublished":"2025-09-01T10:33:03+00:00","dateModified":"2025-12-30T12:40:58+00:00","description":"Consulta la agenda de la Ruta del Vino de Valdeorras con eventos, actividades y citas de enoturismo para disfrutar del vino y el territorio.","breadcrumb":{"@id":"https:\/\/rutadelvinovaldeorras.com\/gl\/axenda\/#breadcrumb"},"inLanguage":"gl-ES","potentialAction":[{"@type":"ReadAction","target":["https:\/\/rutadelvinovaldeorras.com\/gl\/axenda\/"]}]},{"@type":"BreadcrumbList","@id":"https:\/\/rutadelvinovaldeorras.com\/gl\/axenda\/#breadcrumb","itemListElement":[{"@type":"ListItem","position":1,"name":"Portada","item":"https:\/\/rutadelvinovaldeorras.com\/gl\/"},{"@type":"ListItem","position":2,"name":"Axenda"}]},{"@type":"WebSite","@id":"https:\/\/rutadelvinovaldeorras.com\/#website","url":"https:\/\/rutadelvinovaldeorras.com\/","name":"Ruta del Vino Valdeorras","description":"La Ruta del Vino de Valdeorras es un recorrido que nos transporta a trav\u00e9s de la historia y la cultura vin\u00edcola de una de las comarcas m\u00e1s singulares de Galicia.","publisher":{"@id":"https:\/\/rutadelvinovaldeorras.com\/#organization"},"potentialAction":[{"@type":"SearchAction","target":{"@type":"EntryPoint","urlTemplate":"https:\/\/rutadelvinovaldeorras.com\/?s={search_term_string}"},"query-input":{"@type":"PropertyValueSpecification","valueRequired":true,"valueName":"search_term_string"}}],"inLanguage":"gl-ES"},{"@type":"Organization","@id":"https:\/\/rutadelvinovaldeorras.com\/#organization","name":"Ruta del Vino Valdeorras","url":"https:\/\/rutadelvinovaldeorras.com\/","logo":{"@type":"ImageObject","inLanguage":"gl-ES","@id":"https:\/\/rutadelvinovaldeorras.com\/#\/schema\/logo\/image\/","url":"https:\/\/rutadelvinovaldeorras.com\/wp-content\/uploads\/2025\/06\/valdeoras-color.svg","contentUrl":"https:\/\/rutadelvinovaldeorras.com\/wp-content\/uploads\/2025\/06\/valdeoras-color.svg","width":884,"height":131,"caption":"Ruta del Vino Valdeorras"},"image":{"@id":"https:\/\/rutadelvinovaldeorras.com\/#\/schema\/logo\/image\/"},"sameAs":["https:\/\/www.facebook.com\/RutadelVinoValdeorras\/","https:\/\/www.instagram.com\/ruta_vino_valdeorras\/"]}]}},"_links":{"self":[{"href":"https:\/\/rutadelvinovaldeorras.com\/gl\/wp-json\/wp\/v2\/pages\/4717","targetHints":{"allow":["GET"]}}],"collection":[{"href":"https:\/\/rutadelvinovaldeorras.com\/gl\/wp-json\/wp\/v2\/pages"}],"about":[{"href":"https:\/\/rutadelvinovaldeorras.com\/gl\/wp-json\/wp\/v2\/types\/page"}],"author":[{"embeddable":true,"href":"https:\/\/rutadelvinovaldeorras.com\/gl\/wp-json\/wp\/v2\/users\/1"}],"replies":[{"embeddable":true,"href":"https:\/\/rutadelvinovaldeorras.com\/gl\/wp-json\/wp\/v2\/comments?post=4717"}],"version-history":[{"count":1,"href":"https:\/\/rutadelvinovaldeorras.com\/gl\/wp-json\/wp\/v2\/pages\/4717\/revisions"}],"predecessor-version":[{"id":4721,"href":"https:\/\/rutadelvinovaldeorras.com\/gl\/wp-json\/wp\/v2\/pages\/4717\/revisions\/4721"}],"wp:attachment":[{"href":"https:\/\/rutadelvinovaldeorras.com\/gl\/wp-json\/wp\/v2\/media?parent=4717"}],"curies":[{"name":"wp","href":"https:\/\/api.w.org\/{rel}","templated":true}]}}