{"id":4866,"date":"2025-07-04T12:10:50","date_gmt":"2025-07-04T10:10:50","guid":{"rendered":"https:\/\/rutadelvinovaldeorras.com\/cookie-policy\/"},"modified":"2025-12-23T12:11:06","modified_gmt":"2025-12-23T11:11:06","slug":"cookie-policy","status":"publish","type":"page","link":"https:\/\/rutadelvinovaldeorras.com\/en\/cookie-policy\/","title":{"rendered":"Cookie Policy"},"content":{"rendered":"\t\t<div data-elementor-type=\"wp-page\" data-elementor-id=\"4866\" class=\"elementor elementor-4866 elementor-924\" data-elementor-settings=\"{&quot;ha_cmc_init_switcher&quot;:&quot;no&quot;}\" data-elementor-post-type=\"page\">\n\t\t\t\t<div class=\"elementor-element elementor-element-6a77ace e-con-full e-flex e-con e-parent\" data-id=\"6a77ace\" data-element_type=\"container\" data-e-type=\"container\" data-settings=\"{&quot;background_background&quot;:&quot;classic&quot;,&quot;_ha_eqh_enable&quot;:false}\">\n\t\t<div class=\"elementor-element elementor-element-614015c e-flex e-con-boxed e-con e-child\" data-id=\"614015c\" data-element_type=\"container\" data-e-type=\"container\" data-settings=\"{&quot;_ha_eqh_enable&quot;:false}\">\n\t\t\t\t\t<div class=\"e-con-inner\">\n\t\t\t\t<div class=\"elementor-element elementor-element-9de0e52 elementor-invisible elementor-widget elementor-widget-heading\" data-id=\"9de0e52\" data-element_type=\"widget\" data-e-type=\"widget\" data-settings=\"{&quot;_animation&quot;:&quot;fadeInDown&quot;}\" data-widget_type=\"heading.default\">\n\t\t\t\t\t<h1 class=\"elementor-heading-title elementor-size-default\">Cookies<\/h1>\t\t\t\t<\/div>\n\t\t\t\t\t<\/div>\n\t\t\t\t<\/div>\n\t\t\t\t<\/div>\n\t\t<div class=\"elementor-element elementor-element-3108052 e-con-full e-flex e-con e-parent\" data-id=\"3108052\" data-element_type=\"container\" data-e-type=\"container\" data-settings=\"{&quot;background_background&quot;:&quot;classic&quot;,&quot;_ha_eqh_enable&quot;:false}\">\n\t\t<div class=\"elementor-element elementor-element-4dbc906 e-flex e-con-boxed e-con e-child\" data-id=\"4dbc906\" data-element_type=\"container\" data-e-type=\"container\" data-settings=\"{&quot;_ha_eqh_enable&quot;:false}\">\n\t\t\t\t\t<div class=\"e-con-inner\">\n\t\t\t\t<div class=\"elementor-element elementor-element-5878e0c animated-fast elementor-invisible elementor-widget elementor-widget-heading\" data-id=\"5878e0c\" data-element_type=\"widget\" data-e-type=\"widget\" data-settings=\"{&quot;_animation&quot;:&quot;fadeInUp&quot;}\" data-widget_type=\"heading.default\">\n\t\t\t\t\t<h2 class=\"elementor-heading-title elementor-size-default\">Valdeorras Wine Route Cookie Policy <\/h2>\t\t\t\t<\/div>\n\t\t\t\t<div class=\"elementor-element elementor-element-8655eb8 animated-fast elementor-invisible elementor-widget elementor-widget-heading\" data-id=\"8655eb8\" data-element_type=\"widget\" data-e-type=\"widget\" data-settings=\"{&quot;_animation&quot;:&quot;fadeInUp&quot;,&quot;_animation_delay&quot;:200}\" data-widget_type=\"heading.default\">\n\t\t\t\t\t<h2 class=\"elementor-heading-title elementor-size-default\">Personalized and secure browsing\n<\/h2>\t\t\t\t<\/div>\n\t\t\t\t<div class=\"elementor-element elementor-element-1bf2cf2 animated-fast custom-text elementor-invisible elementor-widget elementor-widget-text-editor\" data-id=\"1bf2cf2\" data-element_type=\"widget\" data-e-type=\"widget\" data-settings=\"{&quot;_animation&quot;:&quot;fadeInDown&quot;}\" data-widget_type=\"text-editor.default\">\n\t\t\t\t\t\t\t\t\t<div>Based on the provisions of Recital 30 of Regulation (EU) 2016\/679 of the European Parliament and of the Council, of 27 April 2016, on the protection of natural persons with regard to the processing of personal data and on the free movement of such data (GDPR), we inform you that this website uses cookies for the purposes detailed in this Cookie Policy.<\/div><h2>WHAT ARE COOKIES?<\/h2><div><p>Cookies are text files containing small amounts of information that are downloaded to your computer or mobile device when a user visits a website. Cookies are sent back to the original website on each subsequent visit, or to another website that recognizes them. They can perform functions such as enabling efficient navigation between pages, remembering preferences, and improving the user experience.  <\/p><h2>HOW ARE COOKIES CLASSIFIED?<\/h2><p><strong>According to the issuer of the cookies:<\/strong><\/p><ul><li><strong>First-party cookies<\/strong>: sent to the user\u2019s device from a domain managed by the website owner.<\/li><li>Third-party cookies: sent from a domain not managed by the owner, but by another entity that processes the data obtained through cookies.<\/li><\/ul><p><strong>According to their lifespan:<\/strong><\/p><ul><li>Session cookies: temporary, they disappear when the browser is closed. They are used to analyze traffic patterns and facilitate navigation. <\/li><li><strong>Persistent cookies<\/strong>: stored on the hard drive, they have an expiration date. They are used to facilitate services such as login or purchases. <\/li><\/ul><p><strong>According to their purpose:<\/strong><\/p><ul><li><strong>Technical cookies:<\/strong> allow navigation and the use of basic website functionalities.<\/li><li><strong>Personalization or preference cookies:<\/strong> allow access to the service with predefined characteristics such as language or regional settings.<\/li><li>Analytics cookies: allow measuring and analyzing user behavior on the website.<\/li><li><strong>Advertising cookies<\/strong>: manage advertising spaces on the website based on the frequency and content displayed.<\/li><li><strong>Behavioral advertising cookies:<\/strong> store user browsing habits to display personalized advertising.<\/li><\/ul><p>We use <strong>technical cookies <\/strong>that allow users to navigate the website and use its functionalities, including those necessary for the operation of the page, such as traffic control, session identification, or access to restricted areas.<\/p><p>Likewise, we use <strong>analytical or statistical cookies<\/strong> to quantify the number of users and carry out statistical measurements and analysis of how users use the website, with the aim of improving our services. In the case of Google Analytics cookies, the information is stored on servers located in the United States. Google undertakes not to share this data, except under legal obligation or for the operation of the system.  <\/p><p>You can find more information about international data transfers at:<br><a href=\"https:\/\/business.safety.google\/adsdatatransfers\/?sjid=13561737921736504952-EU\" target=\"_blank\" rel=\"noopener\">Pol\u00edtica sobre transferencia internacional de datos de Google<\/a> and its privacy policy at: <a href=\"https:\/\/policies.google.com\/privacy\" target=\"_blank\" rel=\"noopener\">Pol\u00edtica de Privacidad de Google<\/a>.<\/p><\/div>\t\t\t\t\t\t\t\t<\/div>\n\t\t\t\t<div class=\"elementor-element elementor-element-247a177 elementor-hidden-desktop elementor-hidden-tablet elementor-hidden-mobile elementor-widget elementor-widget-html\" data-id=\"247a177\" data-element_type=\"widget\" data-e-type=\"widget\" data-widget_type=\"html.default\">\n\t\t\t\t\t<style>.custom-text {\n    padding: 30px;\n    color: color: var(--e-global-color-text);\n    background-color: white;\n    border-style: solid;\n    border-width: 1px;\n    border-color: var(--e-global-color-cd92cf8);\n    background-color: var(--e-global-color-bb5a631);\n    background-color: white;\n    border-radius: 20px;\n    font-weight: 400!important;\n}\n.custom-text strong,\n.custom-text a{\n    color: var( --e-global-color-primary );\n    font-weight: 600!important;\n}\n.custom-text a:hover{\n    color: var( --e-global-color-primary );\n    text-decoration: underline;\n    font-weight: 600!important;\n}\n\/*\n.custom-text ol {\n      margin-bottom:20px;\n      font-weight:500;\n}\n.custom-text ol li {\n      color: var( --e-global-color-primary );\n}\n*\/\n.custom-text h2,\n.custom-text h3,\n.custom-text h4{\n  color: var( --e-global-color-primary );\n  color: var( --e-global-color-text );\n  font-weight: 500!important;\n  font-size: 24px;\n  line-height: 1.3em;\n  \/*text-transform: uppercase;*\/\n  margin-top: 30px;\n  font-family: var(--e-global-typography-primary-font-family), Sans-serif!important;\n}\n.custom-text h3,\n.custom-text h4{\n  \/*color: var( --e-global-color-text );*\/\n  font-size: 22px;\n}\n.custom-text h2:not(:first-of-type),\n.custom-text h3:not(:first-of-type),\n.custom-text h4:not(:first-of-type) {\n  margin-top: 30px;\n}\n.custom-text h2:first-child {\n  margin-top: 0px;\n}\n.custom-text ol,\n.custom-text ul {\n  display: block;\n  padding-top: 20px;\n  padding-bottom: 10px;\n  padding-right: 20px;\n  flex-direction: row;\n  align-items: center;\n  justify-content: start;\n  \/*background: #F1F2F8;*\/\n      background-color: var(--e-global-color-6112507);\n     \/* background-color: var(--e-global-color-accent);*\/\n\/*background: linear-gradient(90deg, rgba(255,255,255,1) 0%, rgba(222,236,253,1) 100%);*\/\n  margin-top: 20px;\n  margin-bottom: 20px;\n  border-radius: 0px; \n  background-color: white;\n      background-color: var(--e-global-color-bb5a631);\n    border:1px solid var(--e-global-color-cd92cf8);\n}\n.custom-text ul li::marker,\n.custom-text ol li::marker {\n    color: var( --e-global-color-primary );\n}\n.custom-text ol li,\n.custom-text ul li {\n  font-size: 16px!important;\n  margin: 0;\n  list-style:none;\n  list-style-type: square;\n  padding: 0 .2em; \/* indentation + .5em *\/\n  line-height: 1.2em; \/* default list item's `line-height` *\/\n  margin-bottom: 1em;\n  position: relative;\n  \/*color: var( --e-global-color-primary );*\/\n}\n.custom-text ol li:before,\n.custom-text ul li:before {\n    content:\"\";\n    top:0;\n    left:-20px;\n    position: absolute;\n    display: flex;\n    height: 100%;\n    \/*border-left:3px solid var( --e-global-color-primary );*\/\n}\n\n.custom-text ul li ul {\n  display: block;\n  padding-top: 20px;\n  padding-bottom: 10px;\n  padding-right: 20px;\n  flex-direction: row;\n  align-items: center;\n  justify-content: start;\n  background: rgb(255,255,255);\n\/*background: linear-gradient(90deg, rgba(255,255,255,1) 0%, rgba(222,236,253,1) 100%);*\/\n  margin-top: 20px;\n  margin-bottom: 20px;\n  margin-right: 20px;\n  border-radius: 0!important;\n}\n.custom-text ul li ul li {\n  margin: 0;\n  list-style:none;\n  padding: 0 .2em;\n  line-height: 1.2em;\n  margin-bottom: 1em;\n  position: relative;\n}\n.custom-text ul li ul li:before {\n    content:\"\";\n    top:0;\n    left:-20px;\n    position: absolute;\n    display: flex;\n    height: 100%;\n    border-left:3px solid var( --e-global-color-primary );\n}\n\n<\/style>\t\t\t\t<\/div>\n\t\t\t\t<div class=\"elementor-element elementor-element-80d5817 elementor-hidden-desktop elementor-hidden-tablet elementor-hidden-mobile elementor-widget elementor-widget-html\" data-id=\"80d5817\" data-element_type=\"widget\" data-e-type=\"widget\" data-widget_type=\"html.default\">\n\t\t\t\t\t<style>.custom-table{\n    margin-top: 50px;\n    margin-bottom: 50px;\n}\n.custom-table table {\n  width: 100%;\n  border-collapse: collapse;\n  background-color: var(--e-global-color-6112507);\n  box-shadow: 0 4px 8px rgba(0, 0, 0, 0.1);\n  border-radius: 12px;\n  overflow: hidden;\n}\n\n.custom-table thead {\n  background-color: var(--e-global-color-primary);\n  color: #fff;\n  font-size: 13px;\n  font-weight: 400!important;\n  text-transform: uppercase;\n  letter-spacing: 0.05em;\n}\n\n.custom-table th, .custom-table td {\n  padding: 16px 20px;\n  border: 1px solid var(--e-global-color-secondary);\n  text-align: left;\n  transition: background 0.3s ease;\n}\n\n.custom-table tbody tr:nth-child(even) {\n  background-color: #ffffff;\n}\n\n.custom-table tbody tr:nth-child(odd) {\n  background-color: var(--e-global-color-6112507);\n}\n\n.custom-table tbody tr:hover {\n  background-color: var(--e-global-color-accent)!important;\n  color: #000;\n}\n\n.custom-table a {\n  color: var(--e-global-color-accent);\n  font-weight: bold;\n  text-decoration: none;\n}\n\n.custom-table a:hover {\n  text-decoration: underline;\n}\n\n\n<\/style>\t\t\t\t<\/div>\n\t\t\t\t<div class=\"elementor-element elementor-element-aacb67e elementor-hidden-desktop elementor-hidden-tablet elementor-hidden-mobile elementor-widget elementor-widget-html\" data-id=\"aacb67e\" data-element_type=\"widget\" data-e-type=\"widget\" data-widget_type=\"html.default\">\n\t\t\t\t\t<style>.custom-footer-top{\n    background-color: white!important;\n}\n<\/style>\t\t\t\t<\/div>\n\t\t\t\t\t<\/div>\n\t\t\t\t<\/div>\n\t\t\t\t<\/div>\n\t\t\t\t<\/div>\n\t\t","protected":false},"excerpt":{"rendered":"<p>Cookies Valdeorras Wine Route Cookie Policy Personalized and secure browsing Based on the provisions of Recital 30 of Regulation (EU) 2016\/679 of the European Parliament and of the Council, of 27 April 2016, on the protection of natural persons with regard to the processing of personal data and on the free movement of such data [&hellip;]<\/p>\n","protected":false},"author":1,"featured_media":0,"parent":0,"menu_order":0,"comment_status":"closed","ping_status":"closed","template":"","meta":{"footnotes":""},"class_list":["post-4866","page","type-page","status-publish","hentry"],"yoast_head":"<!-- This site is optimized with the Yoast SEO plugin v27.6 - https:\/\/yoast.com\/product\/yoast-seo-wordpress\/ -->\n<title>Cookie Policy - Ruta del Vino Valdeorras<\/title>\n<meta name=\"robots\" content=\"index, follow, max-snippet:-1, max-image-preview:large, max-video-preview:-1\" \/>\n<link rel=\"canonical\" href=\"https:\/\/rutadelvinovaldeorras.com\/en\/cookie-policy\/\" \/>\n<meta property=\"og:locale\" content=\"en_US\" \/>\n<meta property=\"og:type\" content=\"article\" \/>\n<meta property=\"og:title\" content=\"Cookie Policy - Ruta del Vino Valdeorras\" \/>\n<meta property=\"og:description\" content=\"Cookies Valdeorras Wine Route Cookie Policy Personalized and secure browsing Based on the provisions of Recital 30 of Regulation (EU) 2016\/679 of the European Parliament and of the Council, of 27 April 2016, on the protection of natural persons with regard to the processing of personal data and on the free movement of such data [&hellip;]\" \/>\n<meta property=\"og:url\" content=\"https:\/\/rutadelvinovaldeorras.com\/en\/cookie-policy\/\" \/>\n<meta property=\"og:site_name\" content=\"Ruta del Vino Valdeorras\" \/>\n<meta property=\"article:publisher\" content=\"https:\/\/www.facebook.com\/RutadelVinoValdeorras\/\" \/>\n<meta property=\"article:modified_time\" content=\"2025-12-23T11:11:06+00:00\" \/>\n<meta name=\"twitter:card\" content=\"summary_large_image\" \/>\n<meta name=\"twitter:label1\" content=\"Est. reading time\" \/>\n\t<meta name=\"twitter:data1\" content=\"2 minutes\" \/>\n<script type=\"application\/ld+json\" class=\"yoast-schema-graph\">{\"@context\":\"https:\\\/\\\/schema.org\",\"@graph\":[{\"@type\":\"WebPage\",\"@id\":\"https:\\\/\\\/rutadelvinovaldeorras.com\\\/en\\\/cookie-policy\\\/\",\"url\":\"https:\\\/\\\/rutadelvinovaldeorras.com\\\/en\\\/cookie-policy\\\/\",\"name\":\"Cookie Policy - Ruta del Vino Valdeorras\",\"isPartOf\":{\"@id\":\"https:\\\/\\\/rutadelvinovaldeorras.com\\\/#website\"},\"datePublished\":\"2025-07-04T10:10:50+00:00\",\"dateModified\":\"2025-12-23T11:11:06+00:00\",\"breadcrumb\":{\"@id\":\"https:\\\/\\\/rutadelvinovaldeorras.com\\\/en\\\/cookie-policy\\\/#breadcrumb\"},\"inLanguage\":\"en-US\",\"potentialAction\":[{\"@type\":\"ReadAction\",\"target\":[\"https:\\\/\\\/rutadelvinovaldeorras.com\\\/en\\\/cookie-policy\\\/\"]}]},{\"@type\":\"BreadcrumbList\",\"@id\":\"https:\\\/\\\/rutadelvinovaldeorras.com\\\/en\\\/cookie-policy\\\/#breadcrumb\",\"itemListElement\":[{\"@type\":\"ListItem\",\"position\":1,\"name\":\"Portada\",\"item\":\"https:\\\/\\\/rutadelvinovaldeorras.com\\\/en\\\/home\\\/\"},{\"@type\":\"ListItem\",\"position\":2,\"name\":\"Cookie Policy\"}]},{\"@type\":\"WebSite\",\"@id\":\"https:\\\/\\\/rutadelvinovaldeorras.com\\\/#website\",\"url\":\"https:\\\/\\\/rutadelvinovaldeorras.com\\\/\",\"name\":\"Ruta del Vino Valdeorras\",\"description\":\"La Ruta del Vino de Valdeorras es un recorrido que nos transporta a trav\u00e9s de la historia y la cultura vin\u00edcola de una de las comarcas m\u00e1s singulares de Galicia.\",\"publisher\":{\"@id\":\"https:\\\/\\\/rutadelvinovaldeorras.com\\\/#organization\"},\"potentialAction\":[{\"@type\":\"SearchAction\",\"target\":{\"@type\":\"EntryPoint\",\"urlTemplate\":\"https:\\\/\\\/rutadelvinovaldeorras.com\\\/?s={search_term_string}\"},\"query-input\":{\"@type\":\"PropertyValueSpecification\",\"valueRequired\":true,\"valueName\":\"search_term_string\"}}],\"inLanguage\":\"en-US\"},{\"@type\":\"Organization\",\"@id\":\"https:\\\/\\\/rutadelvinovaldeorras.com\\\/#organization\",\"name\":\"Ruta del Vino Valdeorras\",\"url\":\"https:\\\/\\\/rutadelvinovaldeorras.com\\\/\",\"logo\":{\"@type\":\"ImageObject\",\"inLanguage\":\"en-US\",\"@id\":\"https:\\\/\\\/rutadelvinovaldeorras.com\\\/#\\\/schema\\\/logo\\\/image\\\/\",\"url\":\"https:\\\/\\\/rutadelvinovaldeorras.com\\\/wp-content\\\/uploads\\\/2025\\\/06\\\/valdeoras-color.svg\",\"contentUrl\":\"https:\\\/\\\/rutadelvinovaldeorras.com\\\/wp-content\\\/uploads\\\/2025\\\/06\\\/valdeoras-color.svg\",\"width\":884,\"height\":131,\"caption\":\"Ruta del Vino Valdeorras\"},\"image\":{\"@id\":\"https:\\\/\\\/rutadelvinovaldeorras.com\\\/#\\\/schema\\\/logo\\\/image\\\/\"},\"sameAs\":[\"https:\\\/\\\/www.facebook.com\\\/RutadelVinoValdeorras\\\/\",\"https:\\\/\\\/www.instagram.com\\\/ruta_vino_valdeorras\\\/\"]}]}<\/script>\n<!-- \/ Yoast SEO plugin. -->","yoast_head_json":{"title":"Cookie Policy - Ruta del Vino Valdeorras","robots":{"index":"index","follow":"follow","max-snippet":"max-snippet:-1","max-image-preview":"max-image-preview:large","max-video-preview":"max-video-preview:-1"},"canonical":"https:\/\/rutadelvinovaldeorras.com\/en\/cookie-policy\/","og_locale":"en_US","og_type":"article","og_title":"Cookie Policy - Ruta del Vino Valdeorras","og_description":"Cookies Valdeorras Wine Route Cookie Policy Personalized and secure browsing Based on the provisions of Recital 30 of Regulation (EU) 2016\/679 of the European Parliament and of the Council, of 27 April 2016, on the protection of natural persons with regard to the processing of personal data and on the free movement of such data [&hellip;]","og_url":"https:\/\/rutadelvinovaldeorras.com\/en\/cookie-policy\/","og_site_name":"Ruta del Vino Valdeorras","article_publisher":"https:\/\/www.facebook.com\/RutadelVinoValdeorras\/","article_modified_time":"2025-12-23T11:11:06+00:00","twitter_card":"summary_large_image","twitter_misc":{"Est. reading time":"2 minutes"},"schema":{"@context":"https:\/\/schema.org","@graph":[{"@type":"WebPage","@id":"https:\/\/rutadelvinovaldeorras.com\/en\/cookie-policy\/","url":"https:\/\/rutadelvinovaldeorras.com\/en\/cookie-policy\/","name":"Cookie Policy - Ruta del Vino Valdeorras","isPartOf":{"@id":"https:\/\/rutadelvinovaldeorras.com\/#website"},"datePublished":"2025-07-04T10:10:50+00:00","dateModified":"2025-12-23T11:11:06+00:00","breadcrumb":{"@id":"https:\/\/rutadelvinovaldeorras.com\/en\/cookie-policy\/#breadcrumb"},"inLanguage":"en-US","potentialAction":[{"@type":"ReadAction","target":["https:\/\/rutadelvinovaldeorras.com\/en\/cookie-policy\/"]}]},{"@type":"BreadcrumbList","@id":"https:\/\/rutadelvinovaldeorras.com\/en\/cookie-policy\/#breadcrumb","itemListElement":[{"@type":"ListItem","position":1,"name":"Portada","item":"https:\/\/rutadelvinovaldeorras.com\/en\/home\/"},{"@type":"ListItem","position":2,"name":"Cookie Policy"}]},{"@type":"WebSite","@id":"https:\/\/rutadelvinovaldeorras.com\/#website","url":"https:\/\/rutadelvinovaldeorras.com\/","name":"Ruta del Vino Valdeorras","description":"La Ruta del Vino de Valdeorras es un recorrido que nos transporta a trav\u00e9s de la historia y la cultura vin\u00edcola de una de las comarcas m\u00e1s singulares de Galicia.","publisher":{"@id":"https:\/\/rutadelvinovaldeorras.com\/#organization"},"potentialAction":[{"@type":"SearchAction","target":{"@type":"EntryPoint","urlTemplate":"https:\/\/rutadelvinovaldeorras.com\/?s={search_term_string}"},"query-input":{"@type":"PropertyValueSpecification","valueRequired":true,"valueName":"search_term_string"}}],"inLanguage":"en-US"},{"@type":"Organization","@id":"https:\/\/rutadelvinovaldeorras.com\/#organization","name":"Ruta del Vino Valdeorras","url":"https:\/\/rutadelvinovaldeorras.com\/","logo":{"@type":"ImageObject","inLanguage":"en-US","@id":"https:\/\/rutadelvinovaldeorras.com\/#\/schema\/logo\/image\/","url":"https:\/\/rutadelvinovaldeorras.com\/wp-content\/uploads\/2025\/06\/valdeoras-color.svg","contentUrl":"https:\/\/rutadelvinovaldeorras.com\/wp-content\/uploads\/2025\/06\/valdeoras-color.svg","width":884,"height":131,"caption":"Ruta del Vino Valdeorras"},"image":{"@id":"https:\/\/rutadelvinovaldeorras.com\/#\/schema\/logo\/image\/"},"sameAs":["https:\/\/www.facebook.com\/RutadelVinoValdeorras\/","https:\/\/www.instagram.com\/ruta_vino_valdeorras\/"]}]}},"_links":{"self":[{"href":"https:\/\/rutadelvinovaldeorras.com\/en\/wp-json\/wp\/v2\/pages\/4866","targetHints":{"allow":["GET"]}}],"collection":[{"href":"https:\/\/rutadelvinovaldeorras.com\/en\/wp-json\/wp\/v2\/pages"}],"about":[{"href":"https:\/\/rutadelvinovaldeorras.com\/en\/wp-json\/wp\/v2\/types\/page"}],"author":[{"embeddable":true,"href":"https:\/\/rutadelvinovaldeorras.com\/en\/wp-json\/wp\/v2\/users\/1"}],"replies":[{"embeddable":true,"href":"https:\/\/rutadelvinovaldeorras.com\/en\/wp-json\/wp\/v2\/comments?post=4866"}],"version-history":[{"count":1,"href":"https:\/\/rutadelvinovaldeorras.com\/en\/wp-json\/wp\/v2\/pages\/4866\/revisions"}],"predecessor-version":[{"id":4867,"href":"https:\/\/rutadelvinovaldeorras.com\/en\/wp-json\/wp\/v2\/pages\/4866\/revisions\/4867"}],"wp:attachment":[{"href":"https:\/\/rutadelvinovaldeorras.com\/en\/wp-json\/wp\/v2\/media?parent=4866"}],"curies":[{"name":"wp","href":"https:\/\/api.w.org\/{rel}","templated":true}]}}